{"id":1438,"date":"2024-04-23T13:40:32","date_gmt":"2024-04-23T18:40:32","guid":{"rendered":"https:\/\/skinlaser-dominican.com\/?page_id=1438"},"modified":"2026-04-09T10:14:35","modified_gmt":"2026-04-09T15:14:35","slug":"home","status":"publish","type":"page","link":"https:\/\/skinlaser-dominican.com\/es\/","title":{"rendered":"Home"},"content":{"rendered":"<h1>\n\t\t\tSkincare l\u00e1ser desde Puerto Plata hasta Cabarete. Repara el da\u00f1o solar, elimina manchas, reduce ara\u00f1itas y rejuvenece tu piel con tratamientos efectivos\t<\/h1>\n\t\t\t<a href=\"https:\/\/skinlaser-dominican.com\/es\/contact-us\/\"  target=\"_self\">\n\t\t\t\t\t\t\tCont\u00e1ctanos\n\t\t\t\t\t<\/a>\n\t\t\t<a href=\"https:\/\/skinlaser-dominican.com\/es\/truth-about-offshore-companies\/\"  target=\"_self\">\n\t\t\t\t\t\t\tVerdades, Datos y Detalles\n\t\t\t\t\t<\/a>\n\t\t\t<a href=\"https:\/\/skinlaser-dominican.com\/es\/pricing\/\"  target=\"_self\">\n\t\t\t\t\t\t\tPrecios\n\t\t\t\t\t<\/a>\n\t\t\t<a href=\"https:\/\/skinlaser-dominican.com\/es\/come-to-your-residence\/\"  target=\"_self\">\n\t\t\t\t\t\t\tUbicaci\u00f3n\n\t\t\t\t\t<\/a>\n\t\t\t<a href=\"https:\/\/skinlaser-dominican.com\/es\/test\/\"  target=\"_self\">\n\t\t\t\t\t\t\tPictures\n\t\t\t\t\t<\/a>\n\t<p><strong>Nuestro sal\u00f3n de l\u00e1ser para la piel, cabello y u\u00f1as est\u00e1 ubicado en una zona residencial de Sos\u00faa. F\u00e1cil estacionamiento en la calle frente al sal\u00f3n.<\/strong><\/p>\n<p>Te explicaremos con claridad qu\u00e9 es posible y qu\u00e9 no es posible lograr con los tratamientos de skincare l\u00e1ser, en un lenguaje f\u00e1cil de entender. <\/p>\n<p>Puedes seguir bajando en esta p\u00e1gina para leer y ver informaci\u00f3n importante.<\/p>\n<figure itemscope itemtype=\"https:\/\/schema.org\/ImageObject\">\n\t\t\t\t<img decoding=\"async\" src=\"https:\/\/skinlaser-dominican.com\/wp-content\/uploads\/2026\/02\/FB-picture.png\" alt=\"FB picture\" height=\"640\" width=\"960\" title=\"FB picture\" onerror=\"this.style.display='none'\" loading=\"lazy\" \/>\n\t<\/figure>\n\t<p>Q-Switch skin lasers erase or fade color such as age\/sun spots, yellowish sun damaged skin, dark spots from acne, freckles, spider veins and tattoos. This laser can also cause skin to produce more collagen = looks younger and more firm.<\/p>\n<p><em>Las cremas para la piel que prometen desvanecer manchas y los tratamientos faciales con luces rojas no resuelven realmente estos problemas. Los tratamientos l\u00e1ser son los que han demostrado ser verdaderamente efectivos.<\/em><\/p>\n<p>IPL lasers can remove hair and also provide ongoing maintenance such as lightening skin color, blending skin color so spots and other damage are less noticeable, etc.<\/p>\n<figure itemscope itemtype=\"https:\/\/schema.org\/ImageObject\">\n\t\t\t\t<img decoding=\"async\" src=\"https:\/\/skinlaser-dominican.com\/wp-content\/uploads\/2026\/02\/ChatGPT-Image-Feb-28-2026-12_44_52-PM-1024x683.png\" alt=\"ChatGPT Image Feb 28, 2026, 12_44_52 PM\" height=\"683\" width=\"1024\" title=\"ChatGPT Image Feb 28, 2026, 12_44_52 PM\" onerror=\"this.style.display='none'\" loading=\"lazy\" \/>\n\t<\/figure>\n\t<p><strong>Solo se vive una vez.<\/strong><\/p>\n<p><strong>Cualquier cosa que te ayude a verte mejor tambi\u00e9n puede ayudarte a sentirte mejor contigo mismo, lo cual favorece tu salud mental y tu bienestar general.<\/strong><\/p>\n<p><strong>A veces, mejorar un aspecto de tu apariencia abre la puerta a otros cambios positivos, como ir al gimnasio, viajar m\u00e1s, usar la ropa que te gusta, sentirte con m\u00e1s confianza y simplemente salir a disfrutar m\u00e1s la vida.<\/strong><\/p>\n<figure itemscope itemtype=\"https:\/\/schema.org\/ImageObject\">\n\t\t\t\t<img decoding=\"async\" src=\"https:\/\/skinlaser-dominican.com\/wp-content\/uploads\/2026\/02\/chat-image-for-website.jpg\" alt=\"chat image for website\" height=\"538\" width=\"1024\" title=\"chat image for website\" onerror=\"this.style.display='none'\" loading=\"lazy\" \/>\n\t<\/figure>\n\t<p>Let&#8217;s start by explaining what we can, or cannot do for you.<\/p>\n<p>Our Q-switch laser can treat and improve the following issues: Sun damaged skin, remove brown or age spots\/freckles, remove tattoos, clear up older and yellowed skin to look younger, improve wrinkles, remove spider veins, smooth and improve acne scars and other anti-aging skin improvements.<\/p>\n<p>Another service is carbon laser peel. This is similar to a mask. The laser interacts with the black carbon mask to perform a cleansing that goes deeper than is possible with normal mud, clay and other masks.<\/p>\n<p>La realidad es que los tratamientos l\u00e1ser pueden producir mejoras visibles en la piel, pero no pueden transformar por completo una piel de 60 a\u00f1os en una de 25. Sin embargo, cuando se mejoran las manchas, la decoloraci\u00f3n y otros efectos del sol y la edad, la piel puede verse mucho m\u00e1s joven, fresca y luminosa.<\/p>\n<p>Hay una raz\u00f3n por la que muchas personas de 60, 70 y hasta 80 a\u00f1os logran mantener una apariencia joven: cuidan su piel con tratamientos adecuados que ayudan a conservarla en mejor estado!<\/p>\n<p><em><strong>El uso del l\u00e1ser para tratar signos de envejecimiento y da\u00f1o solar se conoce como uso cosm\u00e9tico del l\u00e1ser.<\/strong><\/em><\/p>\n<p><strong>El uso m\u00e9dico o quir\u00fargico del l\u00e1ser es diferente<\/strong>. We do use intense lasers such as Co2 to burn off deep layers of skin as when cosmetic surgeons perform laser surgery. This is called Ablation.\u00a0 This type of intensive lasering literally vaporizes the top layers of skin, is painful and requires many weeks and months of healing and recovery. This type of intense use of lasers is best done by a cosmetic surgeon who specializes in medical\/surgical use of lasers.<\/p>\n<p>As you can see, there is a difference between cosmetic anti-aging\/beauty use of laser vs. medical\/surgery use of lasers.<\/p>\n<p><em><strong>Nuestro enfoque est\u00e1 en ayudarte a rejuvenecer tu piel y lucir una apariencia m\u00e1s fresca y joven!<\/strong><\/em><\/p>\n<p>Los precios y otros detalles importantes est\u00e1n explicados en los enlaces que aparecen en la parte superior de la p\u00e1gina.<\/p>\n<p><strong>Tratamiento Q-Switch: \u00bfc\u00f3mo funciona?<\/strong> Using a tattoo or dark spot from sun damage as the example, this type of laser targets the dark color. The laser does not burn your skin, it hits the cells that contain the dark color and dissolves them. The dissolved spot or freckle may be absorbed into your body or rise up into a scab and flake off. New clear skin replaces the older discolored skin.<\/p>\n<p>Adem\u00e1s, este tipo de tratamiento tambi\u00e9n puede ayudar a reducir las ara\u00f1itas y estimular la producci\u00f3n de col\u00e1geno, lo que hace que la piel luzca m\u00e1s joven, luminosa y firme.<\/p>\n<p>La depilaci\u00f3n es un tema diferente y requiere cierta explicaci\u00f3n. Quiz\u00e1s has escuchado hablar de la tecnolog\u00eda IPL. Muchos de los aparatos IPL para uso en casa que se venden en Amazon no son verdaderos equipos l\u00e1ser. <\/p>\n<p>Be careful with home use skin care equipment. And, many &#8220;medspas&#8221; claim to offer laser hair removal yet are using cheap and inexpensive fake IPL devices from Amazon. <\/p>\n<p>El problema principal con muchos de estos dispositivos de uso dom\u00e9stico es que no cuentan con la potencia ni con la frecuencia de un equipo profesional de grado m\u00e9dico.<\/p>\n<p>One way to notice if a Medspa is using a cheap fake IPL or laser is their price.\u00a0 A medical quality IPL or laser is very expensive and it is not possible to purchase these expensive devices and then offer cheap and inexpensive services.<\/p>\n<p>If you look at reviews or Youtube videos of IPL devices most are home use and sold on Amazon. These review videos are actually promotion\/advertisements for these false IPL devices.<\/p>\n<p>These at home use IPL devices may work slightly, but this requires weekly use over 6 months to 1 year. A professional medical IPL laser can complete the job in a few appointments.<\/p>\n<p>Solo los equipos profesionales de grado m\u00e9dico tienen la potencia necesaria para lograr resultados reales en menos sesiones. <\/p>\n<p><strong>Professional\/Medical lasers are not available for sale on Amazon or to the general public.<\/strong><\/p>\n<p>Professional IPLs are used for removing hair and also to maintain skin that was already cleared with a q-switch laser. <\/p>\n<p>An example is if we clear your shoulders of sun damage\/spots with the Q-switch laser the IPL laser can then be used to lighten and blend your skin so it looks younger and more natural.<\/p>\n<p>To manage your expectations some issues such as removing a tattoo or specific sun-spot can result with total elimination of the spot. However, as people get older and have more sun damage across their body and want to look younger, there the starting sessions that clear the skin and then through the year it is important to schedule a few appointments to maintain skin and keep it looking better.<\/p>\n<p><strong>What are the most common risks? People with light to medium skin color are the best candidates for skin laser because of the contrast between light skin and dark color such as sun-spots or freckles. It is easier for a laser to identify and target coloration against lighter skin.<\/strong><\/p>\n<p><strong>Assume your skin is black, removing dark tattoos can be a bad idea because the laser may remove the dark color of skin as well as the dark ink of the tattoo. This can leave white spots. For this reason we suggest people with very dark skin limit use of lasers to improving the face such as making acne scars less noticeable or increaese collagen to make skin look younger and more firm.<\/strong><\/p>\n<p>If you go in the sun and tan, it is best to stop and let the tan clear up and then start laser treatment. Staying out of the sun allows your tan to fade which enables the laser to more clearly target the coloration of skin damage.<\/p>\n<p><strong>\u00bfQu\u00e9 pasa si mejoras tu piel con l\u00e1ser, pero sigues exponi\u00e9ndote al sol?<\/strong> Aqu\u00ed va la respuesta honesta: cuando somos j\u00f3venes, la piel suele broncearse y aclararse de forma m\u00e1s uniforme. Ese color se debe a la melanina.<\/p>\n<p>As people get older this process is no longer so even. An example is tanning in summer and then winter comes but the tan fades in blotches. Some blotches of color never go away. Some of the coloring remains and over time becomes dark spots, blotches, yellowish skin, etc.\u00a0 This is how exposure to the sun causes skin damage, spots and discoloring over a lifetime.<\/p>\n<p><strong>Si tom\u00f3 40 a\u00f1os causar el da\u00f1o solar, no esperes revertirlo en 1 hora \ud83d\ude42<\/strong><\/p>\n<p>If a laser is used to clear your skin and you continue to go back in the sun over time the sun damage will start up again.<\/p>\n<p><strong>Not that we suggest this, but it is possible to clear up sun damaged skin, continue to enjoy time in the sun and come back for appointments a few times per year for more skin clearing as part of yearly ongoing maintenance = you can enjoy improved skin while still spending time in the sun.<\/strong><\/p>\n<p><strong>Plasma Spark: Son dispositivos peque\u00f1os con una punta fina tipo aguja. Cuando se aplican sobre una peca o una mancha peque\u00f1a, generan una chispa controlada que trata directamente esa \u00e1rea.<\/strong>\u00a0 These are small devices with a needle at the end. When pointed at a freckle or small mole a spark shoots from the needle tip into the freckle and fries the freckle. <\/p>\n<p>Esto produce una peque\u00f1a marca roja temporal. A medida que la piel sana, la peca o mancha desaparece y es reemplazada por piel nueva y m\u00e1s clara. Este dispositivo funciona bien para tratar pecas o manchas muy espec\u00edficas.<\/p>\n<p><strong>Number of appointments and healing time bet<\/strong><strong>ween appointments:\u00a0<\/strong><\/p>\n<p>Most skin issues can be improved in 1 to 5 appointments. However, depending on the work done to your skin the time for healing could be 4 weeks between appointments. For people who live in the DR this is obviously easier to manage than people to travel to DR for vacations or to stay time like winters. If you want to get affordable lower cost laser skincare when in DR vs. super expensive in the USA or Canada you and we can figure out a plan where you travel to DR through the year and schedule ongoing laser work while you are here.<\/p>\n<p>&nbsp;<\/p>\n<p><em><strong>Las im\u00e1genes de abajo muestran c\u00f3mo el tratamiento Q-Switch act\u00faa sobre el pigmento en la piel para disolverlo. La 2nda imagen muestra c\u00f3mo funciona un dispositivo Plasma Spark sobre las pecas. La 3era imagen muestra c\u00f3mo el l\u00e1ser act\u00faa sobre los fol\u00edculos para la depilaci\u00f3n.<\/strong><\/em><\/p>\n<p>Up at top of this page we show buttons to pages with other information.<\/p>\n\t\t<iframe loading=\"lazy\" width=\"560\" height=\"315\" src=\"https:\/\/www.youtube.com\/embed\/DZTvUUdi09M?si=v3FzfEP4XFpGbzvA\" title=\"YouTube video player\" frameborder=\"0\" allow=\"accelerometer; autoplay; clipboard-write; encrypted-media; gyroscope; picture-in-picture; web-share\" referrerpolicy=\"strict-origin-when-cross-origin\" allowfullscreen><\/iframe>\t\n<figure itemscope itemtype=\"https:\/\/schema.org\/ImageObject\">\n\t\t\t\t<img decoding=\"async\" src=\"https:\/\/skinlaser-dominican.com\/wp-content\/uploads\/2026\/02\/laser_pigment_shockwave_top_side_view.png\" alt=\"laser_pigment_shockwave_top_side_view\" height=\"1024\" width=\"1536\" title=\"laser_pigment_shockwave_top_side_view\" onerror=\"this.style.display='none'\" loading=\"lazy\" \/>\n\t<\/figure>\n<figure itemscope itemtype=\"https:\/\/schema.org\/ImageObject\">\n\t\t\t\t<img decoding=\"async\" src=\"https:\/\/skinlaser-dominican.com\/wp-content\/uploads\/2026\/02\/plasma_spark_freckle_side_view.png\" alt=\"plasma_spark_freckle_side_view\" height=\"1024\" width=\"1536\" title=\"plasma_spark_freckle_side_view\" onerror=\"this.style.display='none'\" loading=\"lazy\" \/>\n\t<\/figure>\n<figure itemscope itemtype=\"https:\/\/schema.org\/ImageObject\">\n\t\t\t\t<img decoding=\"async\" src=\"https:\/\/skinlaser-dominican.com\/wp-content\/uploads\/2026\/03\/ChatGPT-Image-Mar-1-2026-10_43_34-AM-1024x683.png\" alt=\"ChatGPT Image Mar 1, 2026, 10_43_34 AM\" height=\"683\" width=\"1024\" title=\"ChatGPT Image Mar 1, 2026, 10_43_34 AM\" onerror=\"this.style.display='none'\" loading=\"lazy\" \/>\n\t<\/figure>","protected":false},"excerpt":{"rendered":"<p>Laser skincare from Puerto Plata to Cabarete. Repair sun damage, remove spots, make skin look younger, remove spider veins, hair [&hellip;]<\/p>\n","protected":false},"author":1,"featured_media":0,"parent":0,"menu_order":0,"comment_status":"closed","ping_status":"closed","template":"","meta":{"site-sidebar-layout":"default","site-content-layout":"","ast-site-content-layout":"default","site-content-style":"default","site-sidebar-style":"default","ast-global-header-display":"","ast-banner-title-visibility":"","ast-main-header-display":"","ast-hfb-above-header-display":"","ast-hfb-below-header-display":"","ast-hfb-mobile-header-display":"","site-post-title":"","ast-breadcrumbs-content":"","ast-featured-img":"","footer-sml-layout":"","ast-disable-related-posts":"","theme-transparent-header-meta":"","adv-header-id-meta":"","stick-header-meta":"","header-above-stick-meta":"","header-main-stick-meta":"","header-below-stick-meta":"","astra-migrate-meta-layouts":"default","ast-page-background-enabled":"default","ast-page-background-meta":{"desktop":{"background-color":"var(--ast-global-color-4)","background-image":"","background-repeat":"repeat","background-position":"center center","background-size":"auto","background-attachment":"scroll","background-type":"","background-media":"","overlay-type":"","overlay-color":"","overlay-opacity":"","overlay-gradient":""},"tablet":{"background-color":"","background-image":"","background-repeat":"repeat","background-position":"center center","background-size":"auto","background-attachment":"scroll","background-type":"","background-media":"","overlay-type":"","overlay-color":"","overlay-opacity":"","overlay-gradient":""},"mobile":{"background-color":"","background-image":"","background-repeat":"repeat","background-position":"center center","background-size":"auto","background-attachment":"scroll","background-type":"","background-media":"","overlay-type":"","overlay-color":"","overlay-opacity":"","overlay-gradient":""}},"ast-content-background-meta":{"desktop":{"background-color":"var(--ast-global-color-5)","background-image":"","background-repeat":"repeat","background-position":"center center","background-size":"auto","background-attachment":"scroll","background-type":"","background-media":"","overlay-type":"","overlay-color":"","overlay-opacity":"","overlay-gradient":""},"tablet":{"background-color":"var(--ast-global-color-5)","background-image":"","background-repeat":"repeat","background-position":"center center","background-size":"auto","background-attachment":"scroll","background-type":"","background-media":"","overlay-type":"","overlay-color":"","overlay-opacity":"","overlay-gradient":""},"mobile":{"background-color":"var(--ast-global-color-5)","background-image":"","background-repeat":"repeat","background-position":"center center","background-size":"auto","background-attachment":"scroll","background-type":"","background-media":"","overlay-type":"","overlay-color":"","overlay-opacity":"","overlay-gradient":""}},"footnotes":""},"class_list":["post-1438","page","type-page","status-publish","hentry"],"_links":{"self":[{"href":"https:\/\/skinlaser-dominican.com\/es\/wp-json\/wp\/v2\/pages\/1438","targetHints":{"allow":["GET"]}}],"collection":[{"href":"https:\/\/skinlaser-dominican.com\/es\/wp-json\/wp\/v2\/pages"}],"about":[{"href":"https:\/\/skinlaser-dominican.com\/es\/wp-json\/wp\/v2\/types\/page"}],"author":[{"embeddable":true,"href":"https:\/\/skinlaser-dominican.com\/es\/wp-json\/wp\/v2\/users\/1"}],"replies":[{"embeddable":true,"href":"https:\/\/skinlaser-dominican.com\/es\/wp-json\/wp\/v2\/comments?post=1438"}],"version-history":[{"count":38,"href":"https:\/\/skinlaser-dominican.com\/es\/wp-json\/wp\/v2\/pages\/1438\/revisions"}],"predecessor-version":[{"id":1947,"href":"https:\/\/skinlaser-dominican.com\/es\/wp-json\/wp\/v2\/pages\/1438\/revisions\/1947"}],"wp:attachment":[{"href":"https:\/\/skinlaser-dominican.com\/es\/wp-json\/wp\/v2\/media?parent=1438"}],"curies":[{"name":"wp","href":"https:\/\/api.w.org\/{rel}","templated":true}]}}