{"id":1864,"date":"2026-03-11T10:55:58","date_gmt":"2026-03-11T15:55:58","guid":{"rendered":"https:\/\/skinlaser-dominican.com\/?page_id=1864"},"modified":"2026-03-25T18:22:30","modified_gmt":"2026-03-25T23:22:30","slug":"come-to-your-residence","status":"publish","type":"page","link":"https:\/\/skinlaser-dominican.com\/es\/come-to-your-residence\/","title":{"rendered":"Our Location in Sosua"},"content":{"rendered":"<p>Nos hemos asociado con un sal\u00f3n establecido de cabello y u\u00f1as en Sos\u00faa. Es un sal\u00f3n de alta calidad. Una de las razones por las que elegimos trabajar con este lugar es para poder ofrecerte una ubicaci\u00f3n que, adem\u00e1s de los tratamientos l\u00e1ser, tambi\u00e9n cuenta con servicios de cabello y cuidado de u\u00f1as.<\/p>\n<p><strong>El WhatsApp del sal\u00f3n es (809) 919-0058. Lo mejor es escribir por mensaje.<\/strong><\/p>\n<p>Este sal\u00f3n es conocido por muchas mujeres y hombres, incluyendo clientes americanos, canadienses y europeos.<\/p>\n<p>Hay bastante estacionamiento en la calle, tanto al frente como a los lados del sal\u00f3n.<\/p>\n<p>Salon Name: HS Hair Stylist &#8211;\u00a0<em>Italian Professional<\/em><\/p>\n<p>Direcci\u00f3n para Google Maps \/ Apple Maps: Calle Pedro Clisante #33, Sos\u00faa, Rep\u00fablica Dominicana<\/p>\n<p>Desde la carretera principal que va de Puerto Plata a Cabarete (Ruta 5), al entrar a la zona principal de Sos\u00faa, ver\u00e1s la estaci\u00f3n Texaco y casi frente a ella est\u00e1 el \u00e1rea de taxis. <\/p>\n<p>Si vienes desde Puerto Plata, el sem\u00e1foro para doblar a la izquierda queda justo despu\u00e9s de la Texaco y del \u00e1rea de taxis. Si vienes desde Cabarete, ese mismo sem\u00e1foro y el giro a la derecha quedan justo antes de la Texaco y del \u00e1rea de taxis.<\/p>\n<p>Esa calle peque\u00f1a baja hacia el centro de Sos\u00faa, y en la peque\u00f1a intersecci\u00f3n ver\u00e1s Rumba Kings a la izquierda.<\/p>\n<p>Dobla a la derecha hacia el este en la Calle Pedro Clisante.<\/p>\n<p>Conduce aproximadamente media milla y el sal\u00f3n estar\u00e1 a la izquierda.<\/p>\n<p>Otra ruta es por la carretera principal, entre Sirena y Sos\u00faa Ocean Village, donde ver\u00e1s un lavadero de carros grande al lado de la v\u00eda principal. Si tomas esa calle en el car wash, esta termina en la Calle Pedro Clisante. Dobla a la izquierda y, aproximadamente a una milla, el sal\u00f3n estar\u00e1 a la derecha.<\/p>\n<p>Las siguientes 3 im\u00e1genes muestran el edificio al lado del sal\u00f3n, el edificio y tienda que est\u00e1n frente al sal\u00f3n, y una vista frontal del sal\u00f3n. Puedes estacionarte en cualquier lugar de la calle.<\/p>\n<p>&nbsp;<\/p>\n<figure itemscope itemtype=\"https:\/\/schema.org\/ImageObject\">\n\t\t\t\t<img decoding=\"async\" src=\"https:\/\/skinlaser-dominican.com\/wp-content\/uploads\/2026\/03\/salon-3-225x300.jpeg\" alt=\"salon 3\" height=\"300\" width=\"225\" title=\"salon 3\" onerror=\"this.style.display='none'\" loading=\"lazy\" \/>\n\t<\/figure>\n<figure itemscope itemtype=\"https:\/\/schema.org\/ImageObject\">\n\t\t\t\t<img decoding=\"async\" src=\"https:\/\/skinlaser-dominican.com\/wp-content\/uploads\/2026\/03\/salon-1-225x300.jpeg\" alt=\"salon 1\" height=\"300\" width=\"225\" title=\"salon 1\" onerror=\"this.style.display='none'\" loading=\"lazy\" \/>\n\t<\/figure>\n<figure itemscope itemtype=\"https:\/\/schema.org\/ImageObject\">\n\t\t\t\t<img decoding=\"async\" src=\"https:\/\/skinlaser-dominican.com\/wp-content\/uploads\/2026\/03\/salon-2-225x300.jpeg\" alt=\"salon 2\" height=\"300\" width=\"225\" title=\"salon 2\" onerror=\"this.style.display='none'\" loading=\"lazy\" \/>\n\t<\/figure>\n<figure itemscope itemtype=\"https:\/\/schema.org\/ImageObject\">\n\t\t\t\t<img decoding=\"async\" src=\"https:\/\/skinlaser-dominican.com\/wp-content\/uploads\/2026\/03\/Hair-Salon.jpg\" alt=\"Hair Salon\" height=\"1600\" width=\"1204\" title=\"Hair Salon\" onerror=\"this.style.display='none'\" loading=\"lazy\" \/>\n\t<\/figure>","protected":false},"excerpt":{"rendered":"<p>We partnered with an established hair and nail salon in Sosua. This is a quality high end salon. One reason [&hellip;]<\/p>\n","protected":false},"author":1,"featured_media":0,"parent":0,"menu_order":0,"comment_status":"closed","ping_status":"closed","template":"","meta":{"site-sidebar-layout":"default","site-content-layout":"","ast-site-content-layout":"default","site-content-style":"default","site-sidebar-style":"default","ast-global-header-display":"","ast-banner-title-visibility":"","ast-main-header-display":"","ast-hfb-above-header-display":"","ast-hfb-below-header-display":"","ast-hfb-mobile-header-display":"","site-post-title":"","ast-breadcrumbs-content":"","ast-featured-img":"","footer-sml-layout":"","ast-disable-related-posts":"","theme-transparent-header-meta":"default","adv-header-id-meta":"","stick-header-meta":"","header-above-stick-meta":"","header-main-stick-meta":"","header-below-stick-meta":"","astra-migrate-meta-layouts":"set","ast-page-background-enabled":"default","ast-page-background-meta":{"desktop":{"background-color":"var(--ast-global-color-4)","background-image":"","background-repeat":"repeat","background-position":"center center","background-size":"auto","background-attachment":"scroll","background-type":"","background-media":"","overlay-type":"","overlay-color":"","overlay-opacity":"","overlay-gradient":""},"tablet":{"background-color":"","background-image":"","background-repeat":"repeat","background-position":"center center","background-size":"auto","background-attachment":"scroll","background-type":"","background-media":"","overlay-type":"","overlay-color":"","overlay-opacity":"","overlay-gradient":""},"mobile":{"background-color":"","background-image":"","background-repeat":"repeat","background-position":"center center","background-size":"auto","background-attachment":"scroll","background-type":"","background-media":"","overlay-type":"","overlay-color":"","overlay-opacity":"","overlay-gradient":""}},"ast-content-background-meta":{"desktop":{"background-color":"var(--ast-global-color-5)","background-image":"","background-repeat":"repeat","background-position":"center center","background-size":"auto","background-attachment":"scroll","background-type":"","background-media":"","overlay-type":"","overlay-color":"","overlay-opacity":"","overlay-gradient":""},"tablet":{"background-color":"var(--ast-global-color-5)","background-image":"","background-repeat":"repeat","background-position":"center center","background-size":"auto","background-attachment":"scroll","background-type":"","background-media":"","overlay-type":"","overlay-color":"","overlay-opacity":"","overlay-gradient":""},"mobile":{"background-color":"var(--ast-global-color-5)","background-image":"","background-repeat":"repeat","background-position":"center center","background-size":"auto","background-attachment":"scroll","background-type":"","background-media":"","overlay-type":"","overlay-color":"","overlay-opacity":"","overlay-gradient":""}},"footnotes":""},"class_list":["post-1864","page","type-page","status-publish","hentry"],"_links":{"self":[{"href":"https:\/\/skinlaser-dominican.com\/es\/wp-json\/wp\/v2\/pages\/1864","targetHints":{"allow":["GET"]}}],"collection":[{"href":"https:\/\/skinlaser-dominican.com\/es\/wp-json\/wp\/v2\/pages"}],"about":[{"href":"https:\/\/skinlaser-dominican.com\/es\/wp-json\/wp\/v2\/types\/page"}],"author":[{"embeddable":true,"href":"https:\/\/skinlaser-dominican.com\/es\/wp-json\/wp\/v2\/users\/1"}],"replies":[{"embeddable":true,"href":"https:\/\/skinlaser-dominican.com\/es\/wp-json\/wp\/v2\/comments?post=1864"}],"version-history":[{"count":12,"href":"https:\/\/skinlaser-dominican.com\/es\/wp-json\/wp\/v2\/pages\/1864\/revisions"}],"predecessor-version":[{"id":1904,"href":"https:\/\/skinlaser-dominican.com\/es\/wp-json\/wp\/v2\/pages\/1864\/revisions\/1904"}],"wp:attachment":[{"href":"https:\/\/skinlaser-dominican.com\/es\/wp-json\/wp\/v2\/media?parent=1864"}],"curies":[{"name":"wp","href":"https:\/\/api.w.org\/{rel}","templated":true}]}}